{"id":76,"date":"2024-04-29T20:01:25","date_gmt":"2024-04-29T20:01:25","guid":{"rendered":"http:\/\/localhost\/TestingSite\/home\/"},"modified":"2025-01-27T20:25:23","modified_gmt":"2025-01-27T20:25:23","slug":"home","status":"publish","type":"page","link":"https:\/\/www.levasflor.com\/pt\/","title":{"rendered":"In\u00edcio"},"content":{"rendered":"<div class=\"\" style=\"\" >\n    \n    <section class=\"skrollable u-clearfix u-image u-parallax lazyload u-section-2\" id=\"responsible-forestry\" data-image-width=\"1280\" data-image-height=\"853\" data-href=\"#\" data-bg=\"url(&quot;https:\/\/www.levasflor.com\/wp-content\/uploads\/2024\/04\/levasflor-responsible-forestry-mozambique.jpg?rand=0c7d&quot;)\">\n      <div class=\"u-clearfix u-sheet u-sheet-1\">\n        <div class=\"u-align-justify-lg u-align-justify-md u-align-justify-sm u-align-justify-xl u-container-style u-expanded-width-xs u-group u-palette-4-base u-shape-rectangle u-group-1\">\n          <div class=\"u-container-layout u-valign-middle u-container-layout-1\">\n            <h2 class=\"u-align-center-xs u-align-left-lg u-align-left-md u-align-left-sm u-align-left-xl u-text u-text-white u-text-1\"><b>Silvicultura respons\u00e1vel em Mo\u00e7ambique<\/b>\n            <\/h2>\n            <p class=\"u-align-justify-xs u-text u-text-2\"> Na LevasFlor, orgulhamo-nos do nosso papel como pioneiros na silvicultura sustent\u00e1vel e respons\u00e1vel em Mo\u00e7ambique. Desde a nossa funda\u00e7\u00e3o em 2005, temos sido firmes no nosso compromisso com a gest\u00e3o florestal respons\u00e1vel e a prote\u00e7\u00e3o ambiental.<\/p>\n          <\/div>\n        <\/div>\n      <\/div>\n    <\/section>\n    <section class=\"skrollable u-clearfix u-parallax u-section-3\" id=\"why-levasflor\">\n      <div class=\"u-clearfix u-sheet u-sheet-1\">\n        <h2 class=\"u-align-center u-text u-text-palette-4-base u-text-1\"> Aqui est\u00e1 o que nos diferencia<\/h2>\n        <div class=\"u-expanded-width-lg u-expanded-width-xl u-expanded-width-xs u-list u-list-1\">\n          <div class=\"u-repeater u-repeater-1\">\n            <div class=\"u-container-style u-list-item u-repeater-item u-list-item-1\">\n              <div class=\"u-container-layout u-similar-container u-container-layout-1\">\n                <img alt=\"\" class=\"u-expanded-width u-image u-image-default lazyload u-image-1\" data-image-width=\"1280\" data-image-height=\"853\" data-src=\"https:\/\/www.levasflor.com\/wp-content\/uploads\/2024\/04\/levasflor-fsc-certification.jpg\">\n                <div class=\"u-container-style u-expanded-width u-group u-palette-5-base u-shape-rectangle u-group-1\">\n                  <div class=\"u-container-layout u-valign-middle-xs u-container-layout-2\">\n                    <h3 class=\"u-align-center u-text u-text-palette-4-base u-text-2\"> Certifica\u00e7\u00e3o FSC\u00ae<br>\n                    <\/h3>\n                    <p class=\"u-align-justify u-custom-item u-text u-text-3\">Com a Certifica\u00e7\u00e3o FSC\u00ae 100% para Gest\u00e3o Florestal e Cadeia de Cust\u00f3dia, garantimos que todos os aspectos das nossas opera\u00e7\u00f5es cumpram rigorosos crit\u00e9rios ambientais, sociais e econ\u00f3micos. Vamos al\u00e9m da mera conformidade com regulamenta\u00e7\u00f5es ambientais, contribuindo ativamente para esfor\u00e7os de restaura\u00e7\u00e3o florestal e captura de carbono. As nossas iniciativas de reflorestamento, programas abrangentes de prote\u00e7\u00e3o contra inc\u00eandios e equipe dedicada de guardas exemplificam nosso compromisso com a gest\u00e3o ambiental. <\/p>\n                  <\/div>\n                <\/div>\n              <\/div>\n            <\/div>\n            <div class=\"u-container-style u-list-item u-repeater-item u-video-cover u-list-item-2\">\n              <div class=\"u-container-layout u-similar-container u-container-layout-3\">\n                <img alt=\"\" class=\"u-expanded-width u-image u-image-default lazyload u-image-2\" data-image-width=\"960\" data-image-height=\"1280\" data-src=\"https:\/\/www.levasflor.com\/wp-content\/uploads\/2024\/04\/levasflor-digital-traceability-logging.jpg\">\n                <div class=\"u-container-style u-expanded-width u-group u-palette-5-base u-shape-rectangle u-group-2\">\n                  <div class=\"u-container-layout u-valign-middle-xs u-container-layout-4\">\n                    <h3 class=\"u-align-center u-text u-text-palette-4-base u-text-4\"> Rastreabilidade digital<\/h3>\n                    <p class=\"u-align-justify u-custom-item u-text u-text-5\"> Empregamos um sistema de rastreabilidade digital para melhorar a efici\u00eancia e efic\u00e1cia do rastreamento de madeira. Come\u00e7ando com o mapeamento meticuloso das \u00e1rvores durante a fase de planeamento, as nossas equipas de invent\u00e1rio garantem uma cobertura abrangente do bloco operacional futuro. Essas informa\u00e7\u00f5es fluem perfeitamente para as nossas equipas de colheita e posteriormente para a serraria para processamento de toras. <\/p>\n                  <\/div>\n                <\/div>\n              <\/div>\n            <\/div>\n            <div class=\"u-container-style u-list-item u-repeater-item u-video-cover u-list-item-3\">\n              <div class=\"u-container-layout u-similar-container u-container-layout-5\">\n                <img alt=\"\" class=\"u-expanded-width u-image u-image-default lazyload u-image-3\" data-image-width=\"1280\" data-image-height=\"959\" data-src=\"https:\/\/www.levasflor.com\/wp-content\/uploads\/2024\/04\/levasflor-resilience-forest-sunset.jpg\">\n                <div class=\"u-container-style u-expanded-width u-group u-palette-5-base u-shape-rectangle u-group-3\">\n                  <div class=\"u-container-layout u-valign-middle-xs u-container-layout-6\">\n                    <h3 class=\"u-align-center u-text u-text-palette-4-base u-text-6\"> Resili\u00eancia<\/h3>\n                    <p class=\"u-align-justify u-custom-item u-text u-text-7\"> Apesar de enfrentar restri\u00e7\u00f5es financeiras desde o in\u00edcio devido ao interesse limitado e \u00e0 falta de conscientiza\u00e7\u00e3o sobre madeira certificada no mercado local e regional, a LevasFlor deu passos significativos. Aumentamos nossa equipe, forjamos novas parcerias com v\u00e1rias organiza\u00e7\u00f5es, intensificamos nossos esfor\u00e7os em restaura\u00e7\u00e3o florestal e expandimos nossos programas de desenvolvimento comunit\u00e1rio. Al\u00e9m disso, estamos no processo de expandir nossa \u00e1rea operacional para 500 mil hectares. Esta expans\u00e3o visa proteger e restaurar \u00e1reas florestais vizinhas maiores enfrentando amea\u00e7as significativas.<\/p>\n                  <\/div>\n                <\/div>\n              <\/div>\n            <\/div>\n          <\/div>\n        <\/div>\n      <\/div>\n    <\/section>\n    <section class=\"u-clearfix u-section-4\" id=\"conservation-community\">\n      <div class=\"u-clearfix u-sheet u-sheet-1\">\n        <div class=\"u-expanded-width-md u-expanded-width-sm u-expanded-width-xs u-palette-4-base u-shape u-shape-rectangle u-shape-1\"><\/div>\n        <div class=\"data-layout-selected u-clearfix u-expanded-width-lg u-expanded-width-xl u-expanded-width-xs u-gutter-0 u-layout-wrap u-layout-wrap-1\">\n          <div class=\"u-layout\">\n            <div class=\"u-layout-row\">\n              <div class=\"u-size-30-lg u-size-30-xl u-size-31-sm u-size-31-xs u-size-60-md\">\n                <div class=\"u-layout-col\">\n                  <div class=\"u-align-left u-container-align-left u-container-style u-image u-layout-cell u-left-cell u-size-36 lazyload u-image-1\" src=\"\" data-image-width=\"1280\" data-image-height=\"960\" data-bg=\"url(&quot;https:\/\/www.levasflor.com\/wp-content\/uploads\/2024\/04\/levasflor-conservation-community-habitat-protection-leopard.jpg&quot;)\">\n                    <div class=\"u-container-layout u-container-layout-1\" src=\"\"><\/div>\n                  <\/div>\n                  <div class=\"u-container-style u-layout-cell u-left-cell u-palette-5-base u-size-24 u-layout-cell-2\">\n                    <div class=\"u-container-layout u-valign-middle u-container-layout-2\">\n                      <h2 class=\"u-align-center-sm u-align-center-xs u-align-left-lg u-align-left-md u-align-left-xl u-text u-text-palette-4-base u-text-1\"><b>Empoderamento Comunit\u00e1rio<\/b>\n                      <\/h2>\n                      <p class=\"u-align-justify u-text u-text-2\"> Para al\u00e9m das \u00e1rvores, a nossa floresta nutre as comunidades. Atrav\u00e9s do desenvolvimento de infraestruturas, agrofloresta\u00e7\u00e3o, iniciativas de sa\u00fade e programas de educa\u00e7\u00e3o, capacitamos as pessoas a prosperar.<\/p>\n                    <\/div>\n                  <\/div>\n                <\/div>\n              <\/div>\n              <div class=\"u-size-29-sm u-size-29-xs u-size-30-lg u-size-30-xl u-size-60-md\">\n                <div class=\"u-layout-col\">\n                  <div class=\"u-container-style u-layout-cell u-palette-5-base u-right-cell u-size-24 u-layout-cell-3\">\n                    <div class=\"u-container-layout u-valign-middle u-container-layout-3\">\n                      <h2 class=\"u-align-center-sm u-align-center-xs u-align-left-lg u-align-left-md u-align-left-xl u-text u-text-palette-4-base u-text-3\"><b>Prote\u00e7\u00e3o de Habitat<\/b>\n                      <\/h2>\n                      <p class=\"u-align-justify u-text u-text-4\"> A nossa floresta n\u00e3o \u00e9 apenas uma fonte de madeira - \u00e9 um santu\u00e1rio para esp\u00e9cies raras e amea\u00e7adas como leopardos e pangolins. Com \u00e1reas protegidas cobrindo 15% da nossa concess\u00e3o, promovemos a biodiversidade e protegemos habitats vitais.<\/p>\n                    <\/div>\n                  <\/div>\n                  <div class=\"u-align-left u-container-align-left u-container-style u-image u-layout-cell u-right-cell u-size-36 lazyload u-image-2\" src=\"\" data-image-width=\"961\" data-image-height=\"1280\" data-bg=\"url(&quot;https:\/\/www.levasflor.com\/wp-content\/uploads\/2024\/04\/levasflor-conservation-community-community-empowerment-dance.jpg&quot;)\">\n                    <div class=\"u-container-layout u-container-layout-4\" src=\"\"><\/div>\n                  <\/div>\n                <\/div>\n              <\/div>\n            <\/div>\n          <\/div>\n        <\/div>\n        <h2 class=\"u-align-center-md u-align-center-sm u-align-center-xs u-text u-text-default-lg u-text-default-xl u-text-white u-text-5\"><b><\/b><b>Conserva\u00e7\u00e3o e Comunidade<\/b>\n        <\/h2>\n      <\/div>\n    <\/section>\n    <section class=\"u-clearfix u-palette-5-light-1 u-section-5\" id=\"what-we-produce\">\n      <div class=\"u-clearfix u-sheet u-sheet-1\">\n        <h2 class=\"u-align-center u-text u-text-palette-4-base u-text-1\">O Que Produzimos<\/h2>\n        <div class=\"u-container-style u-expanded-width-xs u-group u-white u-group-1\">\n          <div class=\"u-container-layout u-valign-bottom u-container-layout-1\">\n            <div class=\"custom-expanded data-layout-selected u-clearfix u-gutter-0 u-layout-custom-sm u-layout-custom-xs u-layout-wrap u-white u-layout-wrap-1\">\n              <div class=\"u-layout\">\n                <div class=\"u-layout-row\">\n                  <div class=\"u-size-20-lg u-size-20-md u-size-20-xl u-size-30-sm u-size-30-xs\">\n                    <div class=\"u-layout-col\">\n                      <div class=\"u-container-align-center u-container-style u-image u-image-contain u-layout-cell u-size-20 lazyload u-image-1\" data-image-width=\"1280\" data-image-height=\"905\" data-bg=\"url(&quot;https:\/\/www.levasflor.com\/wp-content\/uploads\/2024\/04\/levasflor-msasa-wood-beadings.jpg&quot;)\">\n                        <div class=\"u-container-layout u-container-layout-2\"><\/div>\n                      <\/div>\n                      <div class=\"u-container-align-center u-container-style u-image u-image-contain u-layout-cell u-size-40 lazyload u-image-2\" data-image-width=\"767\" data-image-height=\"1280\" data-bg=\"url(&quot;https:\/\/www.levasflor.com\/wp-content\/uploads\/2024\/04\/levasflor-msasa-wood-window-with-top-glass.jpg&quot;)\">\n                        <div class=\"u-container-layout u-container-layout-3\"><\/div>\n                      <\/div>\n                    <\/div>\n                  <\/div>\n                  <div class=\"u-size-20-lg u-size-20-md u-size-20-xl u-size-30-sm u-size-30-xs\">\n                    <div class=\"u-layout-col\">\n                      <div class=\"u-container-align-center u-container-style u-image u-image-contain u-layout-cell u-size-40 lazyload u-image-3\" data-image-width=\"976\" data-image-height=\"1280\" data-bg=\"url(&quot;https:\/\/www.levasflor.com\/wp-content\/uploads\/2024\/04\/levasflor-msasa-wood-construction-material-doors.jpg&quot;)\">\n                        <div class=\"u-container-layout u-container-layout-4\"><\/div>\n                      <\/div>\n                      <div class=\"u-container-align-center u-container-style u-image u-image-contain u-layout-cell u-size-20 lazyload u-image-4\" data-image-width=\"1280\" data-image-height=\"1013\" data-bg=\"url(&quot;https:\/\/www.levasflor.com\/wp-content\/uploads\/2024\/04\/levasflor-msasa-wood-flooring.jpg&quot;)\">\n                        <div class=\"u-container-layout u-container-layout-5\"><\/div>\n                      <\/div>\n                    <\/div>\n                  <\/div>\n                  <div class=\"u-size-20-lg u-size-20-md u-size-20-xl u-size-60-sm u-size-60-xs\">\n                    <div class=\"u-layout-col\">\n                      <div class=\"u-container-align-center u-container-style u-image u-image-contain u-layout-cell u-size-20 lazyload u-image-5\" data-image-width=\"1280\" data-image-height=\"443\" data-bg=\"url(&quot;https:\/\/www.levasflor.com\/wp-content\/uploads\/2024\/04\/levasflor-msasa-wood-skirting.jpg&quot;)\">\n                        <div class=\"u-container-layout u-container-layout-6\"><\/div>\n                      <\/div>\n                      <div class=\"u-container-align-center u-container-style u-image u-image-contain u-layout-cell u-size-40 lazyload u-image-6\" data-image-width=\"743\" data-image-height=\"1280\" data-bg=\"url(&quot;https:\/\/www.levasflor.com\/wp-content\/uploads\/2024\/04\/levasflor-msasa-wood-robust-window.jpg&quot;)\">\n                        <div class=\"u-container-layout u-container-layout-7\"><\/div>\n                      <\/div>\n                    <\/div>\n                  <\/div>\n                <\/div>\n              <\/div>\n            <\/div>\n            <div class=\"data-layout-selected u-clearfix u-expanded-width u-layout-wrap u-layout-wrap-2\">\n              <div class=\"u-layout\">\n                <div class=\"u-layout-col\">\n                  <div class=\"u-size-60\">\n                    <div class=\"u-layout-row\">\n                      <div class=\"u-container-align-center-lg u-container-align-center-md u-container-align-center-sm u-container-align-center-xs u-container-style u-layout-cell u-palette-4-base u-size-24 u-layout-cell-7\">\n                        <div class=\"u-container-layout u-valign-middle-lg u-valign-middle-md u-valign-middle-sm u-valign-middle-xl u-valign-top-xs u-container-layout-8\">\n                          <div class=\"custom-expanded u-align-center u-container-align-center u-container-style u-group u-palette-5-base u-group-2\">\n                            <div class=\"u-container-layout u-valign-middle-md u-valign-middle-sm u-valign-middle-xs u-container-layout-9\">\n                              <h1 class=\"u-align-center u-custom-font u-text u-text-palette-4-base u-title u-text-2\">#msasa<\/h1>\n                              <a href=\"https:\/\/www.levasflor.com\/pt\/product-catalog\/\" class=\"u-align-center u-border-none u-btn u-button-style u-palette-4-base u-btn-1\">nossos PRODUTOS<\/a>\n                            <\/div>\n                          <\/div>\n                        <\/div>\n                      <\/div>\n                      <div class=\"u-container-style u-layout-cell u-palette-5-base u-size-36 u-layout-cell-8\">\n                        <div class=\"u-container-layout u-valign-middle u-container-layout-10\">\n                          <h3 class=\"u-text u-text-palette-4-base u-text-3\">A Resilient And Sustainable Construction Material<\/h3>\n                          <p class=\"u-align-justify u-text u-text-grey-75 u-text-4\">Este recurso ind\u00edgena n\u00e3o s\u00f3 est\u00e1 alinhado com os objetivos de sustentabilidade, mas tamb\u00e9m oferece uma alternativa dur\u00e1vel e econ\u00f3mica \u00e0 madeira de pinho importada.<br>\n                            <br>O Msasa destaca-se como um contribuinte poderoso para o bem-estar ambiental e econ\u00f3mico, tornando-o o candidato ideal para uma ado\u00e7\u00e3o generalizada em projetos de constru\u00e7\u00e3o em toda a regi\u00e3o.<br>\n                          <\/p>\n                        <\/div>\n                      <\/div>\n                    <\/div>\n                  <\/div>\n                <\/div>\n              <\/div>\n            <\/div>\n          <\/div>\n        <\/div>\n      <\/div>\n    <\/section>\n    <section class=\"u-clearfix u-palette-5-light-1 u-section-6\" id=\"reliable-construction-timber\">\n      <div class=\"u-clearfix u-sheet u-valign-top-sm u-sheet-1\">\n        <div class=\"data-layout-selected u-clearfix u-expanded-width-lg u-expanded-width-xl u-expanded-width-xs u-gutter-10 u-layout-wrap u-layout-wrap-1\">\n          <div class=\"u-layout\">\n            <div class=\"u-layout-col\">\n              <div class=\"u-size-31-sm u-size-31-xs u-size-33-lg u-size-33-xl u-size-60-md\">\n                <div class=\"u-layout-row\">\n                  <div class=\"u-size-30\">\n                    <div class=\"u-layout-col\">\n                      <div class=\"u-container-style u-layout-cell u-palette-5-base u-size-60 u-layout-cell-1\">\n                        <div class=\"u-container-layout u-valign-middle u-container-layout-1\">\n                          <h2 class=\"u-text u-text-default u-text-palette-4-base u-text-1\">Madeira de constru\u00e7\u00e3o confi\u00e1vel<\/h2>\n                          <p class=\"u-align-justify u-text u-text-default u-text-2\"> Ao optar por produtos de madeira provenientes de florestas geridas de forma respons\u00e1vel, est\u00e1 a contribuir diretamente para a preserva\u00e7\u00e3o das florestas Miombo na Prov\u00edncia de Sofala. Junte-se a n\u00f3s e fa\u00e7a parte da solu\u00e7\u00e3o para garantir que as gera\u00e7\u00f5es futuras possam continuar a beneficiar da floresta, melhorando os meios de subsist\u00eancia e preservando a biodiversidade.<\/p>\n                        <\/div>\n                      <\/div>\n                    <\/div>\n                  <\/div>\n                  <div class=\"u-size-30\">\n                    <div class=\"u-layout-col\">\n                      <div class=\"u-size-24\">\n                        <div class=\"u-layout-row\">\n                          <div class=\"u-container-align-center u-container-style u-image u-layout-cell u-size-60 lazyload u-image-1\" data-image-width=\"1280\" data-image-height=\"960\" data-bg=\"url(&quot;https:\/\/www.levasflor.com\/wp-content\/uploads\/2024\/04\/levasflor-reliable-construction-timber-wooden-platform.jpg&quot;)\">\n                            <div class=\"u-container-layout u-container-layout-2\"><\/div>\n                          <\/div>\n                        <\/div>\n                      <\/div>\n                      <div class=\"u-size-36\">\n                        <div class=\"u-layout-row\">\n                          <div class=\"u-container-align-center u-container-style u-image u-layout-cell u-size-60 lazyload u-image-2\" data-image-width=\"1280\" data-image-height=\"960\" data-bg=\"url(&quot;https:\/\/www.levasflor.com\/wp-content\/uploads\/2024\/04\/levasflor-reliable-construction-timber-wooden-frame.jpg&quot;)\">\n                            <div class=\"u-container-layout u-container-layout-3\"><\/div>\n                          <\/div>\n                        <\/div>\n                      <\/div>\n                    <\/div>\n                  <\/div>\n                <\/div>\n              <\/div>\n              <div class=\"u-size-27-lg u-size-27-xl u-size-29-sm u-size-29-xs u-size-60-md\">\n                <div class=\"u-layout-row\">\n                  <div class=\"u-container-align-center u-container-style u-image u-layout-cell u-size-60 lazyload u-image-3\" data-image-width=\"1280\" data-image-height=\"960\" data-bg=\"url(&quot;https:\/\/www.levasflor.com\/wp-content\/uploads\/2024\/04\/levasflor-reliable-construction-timber-wooden-blocks.jpg&quot;)\">\n                    <div class=\"u-container-layout u-container-layout-4\"><\/div>\n                  <\/div>\n                <\/div>\n              <\/div>\n            <\/div>\n          <\/div>\n        <\/div>\n      <\/div>\n    <\/section>\n    <section class=\"u-clearfix u-section-7\" id=\"great-team\">\n      <div class=\"u-palette-5-base u-shape u-shape-rectangle u-shape-1\"><\/div>\n      <div class=\"u-palette-4-base u-shape u-shape-rectangle u-shape-2\"><\/div>\n      <div class=\"u-container-align-center u-container-style u-group u-image lazyload u-image-1\" data-image-width=\"1280\" data-image-height=\"853\" data-bg=\"url(&quot;https:\/\/www.levasflor.com\/wp-content\/uploads\/2024\/04\/levasflor-our-team-forest-rangers.jpg&quot;)\">\n        <div class=\"u-container-layout u-container-layout-1\"><\/div>\n      <\/div>\n      <div class=\"u-align-center u-container-align-center u-container-style u-group u-white u-group-2\">\n        <div class=\"u-container-layout u-valign-middle-sm u-valign-middle-xs u-container-layout-2\">\n          <p class=\"u-text u-text-grey-75 u-text-1\"> A nossa floresta \u00e9 nutrida pela dedicada equipa da LevasFlor. A sua vigil\u00e2ncia garante pr\u00e1ticas rastre\u00e1veis e sustent\u00e1veis. Com experi\u00eancia em conserva\u00e7\u00e3o e gest\u00e3o, eles protegem os tesouros da natureza, promovendo um ecossistema pr\u00f3spero. <\/p>\n          <div class=\"u-expanded-height u-palette-4-base u-shape u-shape-rectangle u-shape-3\"><\/div>\n        <\/div>\n      <\/div>\n      <div class=\"u-container-style u-group u-palette-4-base u-shape-rectangle u-group-3\">\n        <div class=\"u-container-layout u-valign-top-lg u-valign-top-md u-valign-top-xl u-valign-top-xs u-container-layout-3\">\n          <div class=\"u-align-center u-border-1 u-border-white u-container-align-center u-container-style u-expanded-width u-group u-palette-5-base u-group-4\">\n            <div class=\"u-container-layout u-valign-middle-lg u-valign-middle-sm u-valign-middle-xl u-valign-middle-xs u-container-layout-4\">\n              <h2 class=\"u-text u-text-palette-4-base u-text-2\">A nossa equipa<\/h2>\n              <p class=\"u-text u-text-grey-75 u-text-3\"> Descubra a paix\u00e3o e experi\u00eancia por tr\u00e1s de \"<a href=\"https:\/\/www.levasflor.com\/pt\/our-forest\/\" class=\"u-active-none u-border-none u-btn u-button-link u-button-style u-hover-none u-none u-text-palette-4-dark-1 u-btn-1\">Nossa Floresta<\/a>\" Conhe\u00e7a os indiv\u00edduos comprometidos garantindo pr\u00e1ticas sustent\u00e1veis e preservando os tesouros da natureza. \n              <\/p>\n              <a href=\"https:\/\/www.levasflor.com\/pt\/about-us\/#Our-Team\" class=\"u-border-none u-btn u-button-style u-palette-4-base u-btn-2\">Conhe\u00e7a a equipa<\/a>\n            <\/div>\n          <\/div>\n        <\/div>\n      <\/div>\n    <\/section>\n    \n    \n    \n    \n  \n<\/div>","protected":false},"excerpt":{"rendered":"<p>Responsible forestry in Mozambique At LevasFlor, we take pride in our role as pioneers of sustainable and responsible forestry in Mozambique. Since our inception in 2005, we have been steadfast in our commitment to responsible forest management and environmental stewardship. Here\u2019s what sets us apart FSC\u00ae Certification With FSC\u00ae 100% Certified for both Forest Management [&hellip;]<\/p>\n","protected":false},"author":1,"featured_media":0,"parent":0,"menu_order":3,"comment_status":"closed","ping_status":"closed","template":"","meta":{"_eb_attr":"","pgc_sgb_lightbox_settings":"","footnotes":""},"class_list":["post-76","page","type-page","status-publish","hentry"],"_links":{"self":[{"href":"https:\/\/www.levasflor.com\/pt\/wp-json\/wp\/v2\/pages\/76","targetHints":{"allow":["GET"]}}],"collection":[{"href":"https:\/\/www.levasflor.com\/pt\/wp-json\/wp\/v2\/pages"}],"about":[{"href":"https:\/\/www.levasflor.com\/pt\/wp-json\/wp\/v2\/types\/page"}],"author":[{"embeddable":true,"href":"https:\/\/www.levasflor.com\/pt\/wp-json\/wp\/v2\/users\/1"}],"replies":[{"embeddable":true,"href":"https:\/\/www.levasflor.com\/pt\/wp-json\/wp\/v2\/comments?post=76"}],"version-history":[{"count":1,"href":"https:\/\/www.levasflor.com\/pt\/wp-json\/wp\/v2\/pages\/76\/revisions"}],"predecessor-version":[{"id":885,"href":"https:\/\/www.levasflor.com\/pt\/wp-json\/wp\/v2\/pages\/76\/revisions\/885"}],"wp:attachment":[{"href":"https:\/\/www.levasflor.com\/pt\/wp-json\/wp\/v2\/media?parent=76"}],"curies":[{"name":"wp","href":"https:\/\/api.w.org\/{rel}","templated":true}]}}